{"id":780,"date":"2021-09-29T09:45:50","date_gmt":"2021-09-29T11:45:50","guid":{"rendered":"https:\/\/www.3sg.lt\/produktai\/"},"modified":"2023-01-31T10:20:53","modified_gmt":"2023-01-31T12:20:53","slug":"products","status":"publish","type":"page","link":"https:\/\/www.3sg.lt\/en\/products\/","title":{"rendered":"Products"},"content":{"rendered":"<p>Projektuojame ir gaminame \u012fvairius konvejerius. J\u016bs galite pasirinkti konvejer\u012f su elektrine pavara ir be pavaros. Taip pat galime pagaminti ritininius transportuoti produkcij\u0105 ant Euro palet\u0117s, ritininius konvejerius prie \u012frengim\u0173 transportuojan\u010dius produkcij\u0105 \u012f pakavimo viet\u0105. Juostiniai konvejeriai su PVC juosta galima b\u016bti su metaliniu (da\u017eytu milteliniu b\u016bdu), aliuminiu ar ner\u016bdijan\u010dio plieno r\u0117mu.<\/p>\n<p>Grandiniai (kartais dar vadinami segmentiniai) konvejeriai galime panaudoti \u012fvairiose logistikos \u0161akose, kai krovin\u012f reikia transportuoti ilgus atstumus, j\u012f keliant \u012f skirtingus auk\u0161\u010dius ar pasukant 90 laipsni\u0173 kampu. Kadangi r\u0117mai pagaminti i\u0161 aliuminio profilio yra galimyb\u0117 juos montuoti prie stogo konstrukcijos.<\/p>\n","protected":false},"excerpt":{"rendered":"<p>Projektuojame ir gaminame \u012fvairius konvejerius. J\u016bs galite pasirinkti konvejer\u012f su elektrine pavara ir be pavaros. Taip pat galime pagaminti ritininius transportuoti produkcij\u0105 ant Euro palet\u0117s, ritininius konvejerius prie \u012frengim\u0173 transportuojan\u010dius produkcij\u0105 \u012f pakavimo viet\u0105. Juostiniai konvejeriai su PVC juosta galima b\u016bti su metaliniu (da\u017eytu milteliniu b\u016bdu), aliuminiu ar ner\u016bdijan\u010dio plieno r\u0117mu. Grandiniai (kartais dar vadinami [&hellip;]<\/p>\n","protected":false},"author":1,"featured_media":677,"parent":0,"menu_order":0,"comment_status":"closed","ping_status":"closed","template":"page-produktai.php","meta":{"_acf_changed":false,"inline_featured_image":false,"footnotes":""},"class_list":["post-780","page","type-page","status-publish","has-post-thumbnail","hentry"],"acf":[],"yoast_head":"<!-- This site is optimized with the Yoast SEO plugin v26.8 - https:\/\/yoast.com\/product\/yoast-seo-wordpress\/ -->\n<title>Products - 3sg.lt<\/title>\n<meta name=\"robots\" content=\"index, follow, max-snippet:-1, max-image-preview:large, max-video-preview:-1\" \/>\n<link rel=\"canonical\" href=\"https:\/\/www.3sg.lt\/en\/products\/\" \/>\n<meta property=\"og:locale\" content=\"en_US\" \/>\n<meta property=\"og:type\" content=\"article\" \/>\n<meta property=\"og:title\" content=\"Products - 3sg.lt\" \/>\n<meta property=\"og:description\" content=\"Projektuojame ir gaminame \u012fvairius konvejerius. J\u016bs galite pasirinkti konvejer\u012f su elektrine pavara ir be pavaros. Taip pat galime pagaminti ritininius transportuoti produkcij\u0105 ant Euro palet\u0117s, ritininius konvejerius prie \u012frengim\u0173 transportuojan\u010dius produkcij\u0105 \u012f pakavimo viet\u0105. Juostiniai konvejeriai su PVC juosta galima b\u016bti su metaliniu (da\u017eytu milteliniu b\u016bdu), aliuminiu ar ner\u016bdijan\u010dio plieno r\u0117mu. Grandiniai (kartais dar vadinami [&hellip;]\" \/>\n<meta property=\"og:url\" content=\"https:\/\/www.3sg.lt\/en\/products\/\" \/>\n<meta property=\"og:site_name\" content=\"3sg.lt\" \/>\n<meta property=\"article:modified_time\" content=\"2023-01-31T12:20:53+00:00\" \/>\n<meta property=\"og:image\" content=\"https:\/\/www.3sg.lt\/wp-content\/uploads\/2021\/10\/IMG_160aaa.jpeg\" \/>\n\t<meta property=\"og:image:width\" content=\"1930\" \/>\n\t<meta property=\"og:image:height\" content=\"1236\" \/>\n\t<meta property=\"og:image:type\" content=\"image\/jpeg\" \/>\n<meta name=\"twitter:card\" content=\"summary_large_image\" \/>\n<meta name=\"twitter:label1\" content=\"Est. reading time\" \/>\n\t<meta name=\"twitter:data1\" content=\"1 minute\" \/>\n<script type=\"application\/ld+json\" class=\"yoast-schema-graph\">{\"@context\":\"https:\/\/schema.org\",\"@graph\":[{\"@type\":\"WebPage\",\"@id\":\"https:\/\/www.3sg.lt\/en\/products\/\",\"url\":\"https:\/\/www.3sg.lt\/en\/products\/\",\"name\":\"Products - 3sg.lt\",\"isPartOf\":{\"@id\":\"https:\/\/www.3sg.lt\/#website\"},\"primaryImageOfPage\":{\"@id\":\"https:\/\/www.3sg.lt\/en\/products\/#primaryimage\"},\"image\":{\"@id\":\"https:\/\/www.3sg.lt\/en\/products\/#primaryimage\"},\"thumbnailUrl\":\"https:\/\/www.3sg.lt\/wp-content\/uploads\/2021\/10\/IMG_160aaa.jpeg\",\"datePublished\":\"2021-09-29T11:45:50+00:00\",\"dateModified\":\"2023-01-31T12:20:53+00:00\",\"breadcrumb\":{\"@id\":\"https:\/\/www.3sg.lt\/en\/products\/#breadcrumb\"},\"inLanguage\":\"en-US\",\"potentialAction\":[{\"@type\":\"ReadAction\",\"target\":[\"https:\/\/www.3sg.lt\/en\/products\/\"]}]},{\"@type\":\"ImageObject\",\"inLanguage\":\"en-US\",\"@id\":\"https:\/\/www.3sg.lt\/en\/products\/#primaryimage\",\"url\":\"https:\/\/www.3sg.lt\/wp-content\/uploads\/2021\/10\/IMG_160aaa.jpeg\",\"contentUrl\":\"https:\/\/www.3sg.lt\/wp-content\/uploads\/2021\/10\/IMG_160aaa.jpeg\",\"width\":1930,\"height\":1236},{\"@type\":\"BreadcrumbList\",\"@id\":\"https:\/\/www.3sg.lt\/en\/products\/#breadcrumb\",\"itemListElement\":[{\"@type\":\"ListItem\",\"position\":1,\"name\":\"Pradinis\",\"item\":\"https:\/\/www.3sg.lt\/en\/\"},{\"@type\":\"ListItem\",\"position\":2,\"name\":\"Products\"}]},{\"@type\":\"WebSite\",\"@id\":\"https:\/\/www.3sg.lt\/#website\",\"url\":\"https:\/\/www.3sg.lt\/\",\"name\":\"3sg.lt\",\"description\":\"Just one WordPress website for now\",\"potentialAction\":[{\"@type\":\"SearchAction\",\"target\":{\"@type\":\"EntryPoint\",\"urlTemplate\":\"https:\/\/www.3sg.lt\/?s={search_term_string}\"},\"query-input\":{\"@type\":\"PropertyValueSpecification\",\"valueRequired\":true,\"valueName\":\"search_term_string\"}}],\"inLanguage\":\"en-US\"}]}<\/script>\n<!-- \/ Yoast SEO plugin. -->","yoast_head_json":{"title":"Products - 3sg.lt","robots":{"index":"index","follow":"follow","max-snippet":"max-snippet:-1","max-image-preview":"max-image-preview:large","max-video-preview":"max-video-preview:-1"},"canonical":"https:\/\/www.3sg.lt\/en\/products\/","og_locale":"en_US","og_type":"article","og_title":"Products - 3sg.lt","og_description":"Projektuojame ir gaminame \u012fvairius konvejerius. J\u016bs galite pasirinkti konvejer\u012f su elektrine pavara ir be pavaros. Taip pat galime pagaminti ritininius transportuoti produkcij\u0105 ant Euro palet\u0117s, ritininius konvejerius prie \u012frengim\u0173 transportuojan\u010dius produkcij\u0105 \u012f pakavimo viet\u0105. Juostiniai konvejeriai su PVC juosta galima b\u016bti su metaliniu (da\u017eytu milteliniu b\u016bdu), aliuminiu ar ner\u016bdijan\u010dio plieno r\u0117mu. Grandiniai (kartais dar vadinami [&hellip;]","og_url":"https:\/\/www.3sg.lt\/en\/products\/","og_site_name":"3sg.lt","article_modified_time":"2023-01-31T12:20:53+00:00","og_image":[{"width":1930,"height":1236,"url":"https:\/\/www.3sg.lt\/wp-content\/uploads\/2021\/10\/IMG_160aaa.jpeg","type":"image\/jpeg"}],"twitter_card":"summary_large_image","twitter_misc":{"Est. reading time":"1 minute"},"schema":{"@context":"https:\/\/schema.org","@graph":[{"@type":"WebPage","@id":"https:\/\/www.3sg.lt\/en\/products\/","url":"https:\/\/www.3sg.lt\/en\/products\/","name":"Products - 3sg.lt","isPartOf":{"@id":"https:\/\/www.3sg.lt\/#website"},"primaryImageOfPage":{"@id":"https:\/\/www.3sg.lt\/en\/products\/#primaryimage"},"image":{"@id":"https:\/\/www.3sg.lt\/en\/products\/#primaryimage"},"thumbnailUrl":"https:\/\/www.3sg.lt\/wp-content\/uploads\/2021\/10\/IMG_160aaa.jpeg","datePublished":"2021-09-29T11:45:50+00:00","dateModified":"2023-01-31T12:20:53+00:00","breadcrumb":{"@id":"https:\/\/www.3sg.lt\/en\/products\/#breadcrumb"},"inLanguage":"en-US","potentialAction":[{"@type":"ReadAction","target":["https:\/\/www.3sg.lt\/en\/products\/"]}]},{"@type":"ImageObject","inLanguage":"en-US","@id":"https:\/\/www.3sg.lt\/en\/products\/#primaryimage","url":"https:\/\/www.3sg.lt\/wp-content\/uploads\/2021\/10\/IMG_160aaa.jpeg","contentUrl":"https:\/\/www.3sg.lt\/wp-content\/uploads\/2021\/10\/IMG_160aaa.jpeg","width":1930,"height":1236},{"@type":"BreadcrumbList","@id":"https:\/\/www.3sg.lt\/en\/products\/#breadcrumb","itemListElement":[{"@type":"ListItem","position":1,"name":"Pradinis","item":"https:\/\/www.3sg.lt\/en\/"},{"@type":"ListItem","position":2,"name":"Products"}]},{"@type":"WebSite","@id":"https:\/\/www.3sg.lt\/#website","url":"https:\/\/www.3sg.lt\/","name":"3sg.lt","description":"Just one WordPress website for now","potentialAction":[{"@type":"SearchAction","target":{"@type":"EntryPoint","urlTemplate":"https:\/\/www.3sg.lt\/?s={search_term_string}"},"query-input":{"@type":"PropertyValueSpecification","valueRequired":true,"valueName":"search_term_string"}}],"inLanguage":"en-US"}]}},"_links":{"self":[{"href":"https:\/\/www.3sg.lt\/en\/wp-json\/wp\/v2\/pages\/780","targetHints":{"allow":["GET"]}}],"collection":[{"href":"https:\/\/www.3sg.lt\/en\/wp-json\/wp\/v2\/pages"}],"about":[{"href":"https:\/\/www.3sg.lt\/en\/wp-json\/wp\/v2\/types\/page"}],"author":[{"embeddable":true,"href":"https:\/\/www.3sg.lt\/en\/wp-json\/wp\/v2\/users\/1"}],"replies":[{"embeddable":true,"href":"https:\/\/www.3sg.lt\/en\/wp-json\/wp\/v2\/comments?post=780"}],"version-history":[{"count":0,"href":"https:\/\/www.3sg.lt\/en\/wp-json\/wp\/v2\/pages\/780\/revisions"}],"wp:featuredmedia":[{"embeddable":true,"href":"https:\/\/www.3sg.lt\/en\/wp-json\/wp\/v2\/media\/677"}],"wp:attachment":[{"href":"https:\/\/www.3sg.lt\/en\/wp-json\/wp\/v2\/media?parent=780"}],"curies":[{"name":"wp","href":"https:\/\/api.w.org\/{rel}","templated":true}]}}