{"id":766,"date":"2022-08-25T12:31:11","date_gmt":"2022-08-25T14:31:11","guid":{"rendered":"https:\/\/www.3sg.lt\/es-parama\/"},"modified":"2025-01-20T15:16:12","modified_gmt":"2025-01-20T17:16:12","slug":"es-parama","status":"publish","type":"page","link":"https:\/\/www.3sg.lt\/en\/es-parama\/","title":{"rendered":"ES parama"},"content":{"rendered":"<p><img loading=\"lazy\" decoding=\"async\" class=\"alignnone size-full wp-image-1381\" src=\"https:\/\/www.3sg.lt\/wp-content\/uploads\/2024\/11\/finansuoja.png\" alt=\"\" width=\"602\" height=\"161\" srcset=\"https:\/\/www.3sg.lt\/wp-content\/uploads\/2024\/11\/finansuoja.png 602w, https:\/\/www.3sg.lt\/wp-content\/uploads\/2024\/11\/finansuoja-300x80.png 300w, https:\/\/www.3sg.lt\/wp-content\/uploads\/2024\/11\/finansuoja-600x160.png 600w\" sizes=\"auto, (max-width: 602px) 100vw, 602px\" \/><\/p>\n<p><strong>Projekto pavadinimas: UAB 3SG netechnologini\u0173 inovacij\u0173 pl\u0117tros skatinimas, finansuojant investicijas \u012f dizaino, proceso\/organizacines inovacijas<\/strong><\/p>\n<p><strong>Projekto kodas: 02-040-K-0366<\/strong><\/p>\n<p><strong>Tinkam\u0173 finansuoti i\u0161laid\u0173 vert\u0117<\/strong>: 284.081 EUR<\/p>\n<p><strong>Finansavimo suma:<\/strong> 130.046 EUR<\/p>\n<p><strong>Projekto tikslas<\/strong>: 1) Sukurti ir \u012f rink\u0105 \u012fdiegti naujus gamini\u0173 dizainus, taip didinant \u012fmon\u0117s eksporto apimtis. 2) \u012emon\u0117je \u012fdiegti proceso\/organizacines inovacijas, taip didinant \u012fmon\u0117s \u012fsitraukim\u0105 \u012f tarptautin\u0117s vert\u0117s grandines.<\/p>\n<p>Projekto metu bus vykdomos trys veiklos:<\/p>\n<ol>\n<li>\u012emon\u0117s nauj\u0173 produkt\u0173 dizain\u0173 suk\u016brimo ir diegimas, kurios metu bus sukurtos 2 \u012fmon\u0117s gaminam\u0173 produkt\u0173 linij\u0173 dizaino koncepcijas, kuriuos pagaminus jie b\u016bt\u0173 patraukl\u016bs vartotojams ir pad\u0117t\u0173 \u012fmonei padidinti pardavimo (\u012fskaitant eksporto) pajamas, peln\u0105 ir darbo na\u0161um\u0105.<\/li>\n<li>Proceso inovacij\u0173 diegimas &#8211; \u012fmon\u0117 planuoja \u012fsidiegti reik\u0161mingai patobulintas paslaugas, kurios apima naujus ar patobulintos produkcijos gamybos metodus.<\/li>\n<li>Organizacini\u0173 inovacij\u0173 diegimas, t.y. nauj\u0173 organizacini\u0173 metod\u0173 taikymas \u012fmon\u0117s lygmeniu (didinant organizacijos efektyvum\u0105 organizuojant darbus ar \u012fgyvendinant organizacijos pl\u0117tr\u0105.<\/li>\n<\/ol>\n<p>&nbsp;<\/p>\n<p>Projekto veikl\u0173 \u012fgyvendinimo prad\u017eia: 2024-11-11<\/p>\n<p>Projekto veikl\u0173 \u012fgyvendinimo pabaiga: 2026-05-11<\/p>\n<p>Projekto vykdytojas: UAB 3SG<\/p>\n<p>&nbsp;<\/p>\n<p>Daugiau informacijos www.esinvesticijos.lt<\/p>\n<p>&nbsp;<\/p>\n<p>&nbsp;<\/p>\n<p><img loading=\"lazy\" decoding=\"async\" class=\"alignnone size-full wp-image-1381\" src=\"https:\/\/www.3sg.lt\/wp-content\/uploads\/2024\/11\/finansuoja.png\" alt=\"\" width=\"602\" height=\"161\" srcset=\"https:\/\/www.3sg.lt\/wp-content\/uploads\/2024\/11\/finansuoja.png 602w, https:\/\/www.3sg.lt\/wp-content\/uploads\/2024\/11\/finansuoja-300x80.png 300w, https:\/\/www.3sg.lt\/wp-content\/uploads\/2024\/11\/finansuoja-600x160.png 600w\" sizes=\"auto, (max-width: 602px) 100vw, 602px\" \/><\/p>\n<p>UAB 3SG 2024-10-14 pradeda \u012fgyvendinti Europos S\u0105jungos finansuojam\u0105 projekt\u0105 \u2013 UAB 3SG tvari\u0173 investicij\u0173 diegimas ple\u010diant gamybos paj\u0117gumus Jonavos raj.\u201c<\/p>\n<p>Projektu siekiama prisid\u0117ti prie Jonavos r. savivaldyb\u0117s augimo, vystymosi pritraukiant klimatui neutralias investicijas ir sukuriant papildomas darbo vietas. Siekiant per\u0117jimo link klimatui neutralios ekonomikos, numatomi darbuotoj\u0173 mokymai ir perkvalifikavimas, kurie b\u016btini d\u0117l numatom\u0173 inovatyvi\u0173 technologij\u0173 ir \u012frangos diegimo, tiek d\u0117l tvari\u0173 darbo viet\u0173 k\u016brimo.<\/p>\n<p>Projekto tikslas: \u012ediegti nauj\u0105 \u012frang\u0105 bei i\u0161pl\u0117sti gamybos apimtis papildomai sukuriant darbo vietas ir apmokant darbuotojus.<\/p>\n<p>ES finansavimas u\u017etikrina ilgalaik\u012f projekto tvarum\u0105 ir prisideda prie regiono socialin\u0117s gerov\u0117s gerinimo.<\/p>\n<p>Projekte numatytos \u0161ios veiklos:<\/p>\n<ol>\n<li>Pastatyti ir \u012frengti nauj\u0105 gamybin\u0119 baz\u0119 Jonavos raj;<\/li>\n<li>Suorganizuoti i\u0161orinius ir vidinius mokymus darbuotojams.<\/li>\n<\/ol>\n<p>Projekto laikotarpis: 2024 10 14 iki 2027 10 15.<\/p>\n<p>Bendra projekto veikl\u0173 tinkam\u0173 finansuoti i\u0161laid\u0173 suma \u2013 3 007 744 Eur, Europos S\u0105jungos finansavimo suma \u2013 2 376\u00a0093 Eur.<\/p>\n<p>&nbsp;<\/p>\n<p>&nbsp;<\/p>\n<p><img loading=\"lazy\" decoding=\"async\" class=\"wp-image-422 size-full aligncenter\" src=\"https:\/\/www.3sg.lt\/1dev\/wp-content\/uploads\/2022\/08\/3.-informacija-i-web-puslapiPAVEIKLSIUKAS-TURI-LIKTI-VIRSUJE-1-1723x2048-1.jpg\" alt=\"\" width=\"1723\" height=\"2048\" srcset=\"https:\/\/www.3sg.lt\/wp-content\/uploads\/2022\/08\/3.-informacija-i-web-puslapiPAVEIKLSIUKAS-TURI-LIKTI-VIRSUJE-1-1723x2048-1.jpg 1723w, https:\/\/www.3sg.lt\/wp-content\/uploads\/2022\/08\/3.-informacija-i-web-puslapiPAVEIKLSIUKAS-TURI-LIKTI-VIRSUJE-1-1723x2048-1-600x713.jpg 600w, https:\/\/www.3sg.lt\/wp-content\/uploads\/2022\/08\/3.-informacija-i-web-puslapiPAVEIKLSIUKAS-TURI-LIKTI-VIRSUJE-1-1723x2048-1-64x76.jpg 64w, https:\/\/www.3sg.lt\/wp-content\/uploads\/2022\/08\/3.-informacija-i-web-puslapiPAVEIKLSIUKAS-TURI-LIKTI-VIRSUJE-1-1723x2048-1-252x300.jpg 252w, https:\/\/www.3sg.lt\/wp-content\/uploads\/2022\/08\/3.-informacija-i-web-puslapiPAVEIKLSIUKAS-TURI-LIKTI-VIRSUJE-1-1723x2048-1-862x1024.jpg 862w, https:\/\/www.3sg.lt\/wp-content\/uploads\/2022\/08\/3.-informacija-i-web-puslapiPAVEIKLSIUKAS-TURI-LIKTI-VIRSUJE-1-1723x2048-1-768x913.jpg 768w, https:\/\/www.3sg.lt\/wp-content\/uploads\/2022\/08\/3.-informacija-i-web-puslapiPAVEIKLSIUKAS-TURI-LIKTI-VIRSUJE-1-1723x2048-1-1292x1536.jpg 1292w\" sizes=\"auto, (max-width: 1723px) 100vw, 1723px\" \/><\/p>\n<p><img loading=\"lazy\" decoding=\"async\" class=\"aligncenter wp-image-423 size-full\" src=\"https:\/\/www.3sg.lt\/1dev\/wp-content\/uploads\/2022\/08\/3.-informacija-i-web-puslapiPAVEIKLSIUKAS-TURI-LIKTI-VIRSUJE-KC-1681x2048-1.jpg\" alt=\"\" width=\"1681\" height=\"2048\" srcset=\"https:\/\/www.3sg.lt\/wp-content\/uploads\/2022\/08\/3.-informacija-i-web-puslapiPAVEIKLSIUKAS-TURI-LIKTI-VIRSUJE-KC-1681x2048-1.jpg 1681w, https:\/\/www.3sg.lt\/wp-content\/uploads\/2022\/08\/3.-informacija-i-web-puslapiPAVEIKLSIUKAS-TURI-LIKTI-VIRSUJE-KC-1681x2048-1-600x731.jpg 600w, https:\/\/www.3sg.lt\/wp-content\/uploads\/2022\/08\/3.-informacija-i-web-puslapiPAVEIKLSIUKAS-TURI-LIKTI-VIRSUJE-KC-1681x2048-1-64x78.jpg 64w, https:\/\/www.3sg.lt\/wp-content\/uploads\/2022\/08\/3.-informacija-i-web-puslapiPAVEIKLSIUKAS-TURI-LIKTI-VIRSUJE-KC-1681x2048-1-246x300.jpg 246w, https:\/\/www.3sg.lt\/wp-content\/uploads\/2022\/08\/3.-informacija-i-web-puslapiPAVEIKLSIUKAS-TURI-LIKTI-VIRSUJE-KC-1681x2048-1-841x1024.jpg 841w, https:\/\/www.3sg.lt\/wp-content\/uploads\/2022\/08\/3.-informacija-i-web-puslapiPAVEIKLSIUKAS-TURI-LIKTI-VIRSUJE-KC-1681x2048-1-768x936.jpg 768w, https:\/\/www.3sg.lt\/wp-content\/uploads\/2022\/08\/3.-informacija-i-web-puslapiPAVEIKLSIUKAS-TURI-LIKTI-VIRSUJE-KC-1681x2048-1-1261x1536.jpg 1261w\" sizes=\"auto, (max-width: 1681px) 100vw, 1681px\" \/><\/p>\n","protected":false},"excerpt":{"rendered":"<p>Projekto pavadinimas: UAB 3SG netechnologini\u0173 inovacij\u0173 pl\u0117tros skatinimas, finansuojant investicijas \u012f dizaino, proceso\/organizacines inovacijas Projekto kodas: 02-040-K-0366 Tinkam\u0173 finansuoti i\u0161laid\u0173 vert\u0117: 284.081 EUR Finansavimo suma: 130.046 EUR Projekto tikslas: 1) Sukurti ir \u012f rink\u0105 \u012fdiegti naujus gamini\u0173 dizainus, taip didinant \u012fmon\u0117s eksporto apimtis. 2) \u012emon\u0117je \u012fdiegti proceso\/organizacines inovacijas, taip didinant \u012fmon\u0117s \u012fsitraukim\u0105 \u012f tarptautin\u0117s vert\u0117s [&hellip;]<\/p>\n","protected":false},"author":1,"featured_media":0,"parent":0,"menu_order":0,"comment_status":"closed","ping_status":"closed","template":"","meta":{"_acf_changed":false,"inline_featured_image":false,"footnotes":""},"class_list":["post-766","page","type-page","status-publish","hentry"],"acf":[],"yoast_head":"<!-- This site is optimized with the Yoast SEO plugin v26.8 - https:\/\/yoast.com\/product\/yoast-seo-wordpress\/ -->\n<title>ES parama - 3sg.lt<\/title>\n<meta name=\"robots\" content=\"index, follow, max-snippet:-1, max-image-preview:large, max-video-preview:-1\" \/>\n<link rel=\"canonical\" href=\"https:\/\/www.3sg.lt\/es-parama\/\" \/>\n<meta property=\"og:locale\" content=\"en_US\" \/>\n<meta property=\"og:type\" content=\"article\" \/>\n<meta property=\"og:title\" content=\"ES parama - 3sg.lt\" \/>\n<meta property=\"og:description\" content=\"Projekto pavadinimas: UAB 3SG netechnologini\u0173 inovacij\u0173 pl\u0117tros skatinimas, finansuojant investicijas \u012f dizaino, proceso\/organizacines inovacijas Projekto kodas: 02-040-K-0366 Tinkam\u0173 finansuoti i\u0161laid\u0173 vert\u0117: 284.081 EUR Finansavimo suma: 130.046 EUR Projekto tikslas: 1) Sukurti ir \u012f rink\u0105 \u012fdiegti naujus gamini\u0173 dizainus, taip didinant \u012fmon\u0117s eksporto apimtis. 2) \u012emon\u0117je \u012fdiegti proceso\/organizacines inovacijas, taip didinant \u012fmon\u0117s \u012fsitraukim\u0105 \u012f tarptautin\u0117s vert\u0117s [&hellip;]\" \/>\n<meta property=\"og:url\" content=\"https:\/\/www.3sg.lt\/es-parama\/\" \/>\n<meta property=\"og:site_name\" content=\"3sg.lt\" \/>\n<meta property=\"article:modified_time\" content=\"2025-01-20T17:16:12+00:00\" \/>\n<meta property=\"og:image\" content=\"https:\/\/www.3sg.lt\/wp-content\/uploads\/2024\/11\/finansuoja.png\" \/>\n<meta name=\"twitter:card\" content=\"summary_large_image\" \/>\n<meta name=\"twitter:label1\" content=\"Est. reading time\" \/>\n\t<meta name=\"twitter:data1\" content=\"2 minutes\" \/>\n<script type=\"application\/ld+json\" class=\"yoast-schema-graph\">{\"@context\":\"https:\/\/schema.org\",\"@graph\":[{\"@type\":\"WebPage\",\"@id\":\"https:\/\/www.3sg.lt\/es-parama\/\",\"url\":\"https:\/\/www.3sg.lt\/es-parama\/\",\"name\":\"ES parama - 3sg.lt\",\"isPartOf\":{\"@id\":\"https:\/\/www.3sg.lt\/#website\"},\"primaryImageOfPage\":{\"@id\":\"https:\/\/www.3sg.lt\/es-parama\/#primaryimage\"},\"image\":{\"@id\":\"https:\/\/www.3sg.lt\/es-parama\/#primaryimage\"},\"thumbnailUrl\":\"https:\/\/www.3sg.lt\/wp-content\/uploads\/2024\/11\/finansuoja.png\",\"datePublished\":\"2022-08-25T14:31:11+00:00\",\"dateModified\":\"2025-01-20T17:16:12+00:00\",\"breadcrumb\":{\"@id\":\"https:\/\/www.3sg.lt\/es-parama\/#breadcrumb\"},\"inLanguage\":\"en-US\",\"potentialAction\":[{\"@type\":\"ReadAction\",\"target\":[\"https:\/\/www.3sg.lt\/es-parama\/\"]}]},{\"@type\":\"ImageObject\",\"inLanguage\":\"en-US\",\"@id\":\"https:\/\/www.3sg.lt\/es-parama\/#primaryimage\",\"url\":\"https:\/\/www.3sg.lt\/wp-content\/uploads\/2024\/11\/finansuoja.png\",\"contentUrl\":\"https:\/\/www.3sg.lt\/wp-content\/uploads\/2024\/11\/finansuoja.png\"},{\"@type\":\"BreadcrumbList\",\"@id\":\"https:\/\/www.3sg.lt\/es-parama\/#breadcrumb\",\"itemListElement\":[{\"@type\":\"ListItem\",\"position\":1,\"name\":\"Pradinis\",\"item\":\"https:\/\/www.3sg.lt\/en\/\"},{\"@type\":\"ListItem\",\"position\":2,\"name\":\"ES parama\"}]},{\"@type\":\"WebSite\",\"@id\":\"https:\/\/www.3sg.lt\/#website\",\"url\":\"https:\/\/www.3sg.lt\/\",\"name\":\"3sg.lt\",\"description\":\"Just one WordPress website for now\",\"potentialAction\":[{\"@type\":\"SearchAction\",\"target\":{\"@type\":\"EntryPoint\",\"urlTemplate\":\"https:\/\/www.3sg.lt\/?s={search_term_string}\"},\"query-input\":{\"@type\":\"PropertyValueSpecification\",\"valueRequired\":true,\"valueName\":\"search_term_string\"}}],\"inLanguage\":\"en-US\"}]}<\/script>\n<!-- \/ Yoast SEO plugin. -->","yoast_head_json":{"title":"ES parama - 3sg.lt","robots":{"index":"index","follow":"follow","max-snippet":"max-snippet:-1","max-image-preview":"max-image-preview:large","max-video-preview":"max-video-preview:-1"},"canonical":"https:\/\/www.3sg.lt\/es-parama\/","og_locale":"en_US","og_type":"article","og_title":"ES parama - 3sg.lt","og_description":"Projekto pavadinimas: UAB 3SG netechnologini\u0173 inovacij\u0173 pl\u0117tros skatinimas, finansuojant investicijas \u012f dizaino, proceso\/organizacines inovacijas Projekto kodas: 02-040-K-0366 Tinkam\u0173 finansuoti i\u0161laid\u0173 vert\u0117: 284.081 EUR Finansavimo suma: 130.046 EUR Projekto tikslas: 1) Sukurti ir \u012f rink\u0105 \u012fdiegti naujus gamini\u0173 dizainus, taip didinant \u012fmon\u0117s eksporto apimtis. 2) \u012emon\u0117je \u012fdiegti proceso\/organizacines inovacijas, taip didinant \u012fmon\u0117s \u012fsitraukim\u0105 \u012f tarptautin\u0117s vert\u0117s [&hellip;]","og_url":"https:\/\/www.3sg.lt\/es-parama\/","og_site_name":"3sg.lt","article_modified_time":"2025-01-20T17:16:12+00:00","og_image":[{"url":"https:\/\/www.3sg.lt\/wp-content\/uploads\/2024\/11\/finansuoja.png","type":"","width":"","height":""}],"twitter_card":"summary_large_image","twitter_misc":{"Est. reading time":"2 minutes"},"schema":{"@context":"https:\/\/schema.org","@graph":[{"@type":"WebPage","@id":"https:\/\/www.3sg.lt\/es-parama\/","url":"https:\/\/www.3sg.lt\/es-parama\/","name":"ES parama - 3sg.lt","isPartOf":{"@id":"https:\/\/www.3sg.lt\/#website"},"primaryImageOfPage":{"@id":"https:\/\/www.3sg.lt\/es-parama\/#primaryimage"},"image":{"@id":"https:\/\/www.3sg.lt\/es-parama\/#primaryimage"},"thumbnailUrl":"https:\/\/www.3sg.lt\/wp-content\/uploads\/2024\/11\/finansuoja.png","datePublished":"2022-08-25T14:31:11+00:00","dateModified":"2025-01-20T17:16:12+00:00","breadcrumb":{"@id":"https:\/\/www.3sg.lt\/es-parama\/#breadcrumb"},"inLanguage":"en-US","potentialAction":[{"@type":"ReadAction","target":["https:\/\/www.3sg.lt\/es-parama\/"]}]},{"@type":"ImageObject","inLanguage":"en-US","@id":"https:\/\/www.3sg.lt\/es-parama\/#primaryimage","url":"https:\/\/www.3sg.lt\/wp-content\/uploads\/2024\/11\/finansuoja.png","contentUrl":"https:\/\/www.3sg.lt\/wp-content\/uploads\/2024\/11\/finansuoja.png"},{"@type":"BreadcrumbList","@id":"https:\/\/www.3sg.lt\/es-parama\/#breadcrumb","itemListElement":[{"@type":"ListItem","position":1,"name":"Pradinis","item":"https:\/\/www.3sg.lt\/en\/"},{"@type":"ListItem","position":2,"name":"ES parama"}]},{"@type":"WebSite","@id":"https:\/\/www.3sg.lt\/#website","url":"https:\/\/www.3sg.lt\/","name":"3sg.lt","description":"Just one WordPress website for now","potentialAction":[{"@type":"SearchAction","target":{"@type":"EntryPoint","urlTemplate":"https:\/\/www.3sg.lt\/?s={search_term_string}"},"query-input":{"@type":"PropertyValueSpecification","valueRequired":true,"valueName":"search_term_string"}}],"inLanguage":"en-US"}]}},"_links":{"self":[{"href":"https:\/\/www.3sg.lt\/en\/wp-json\/wp\/v2\/pages\/766","targetHints":{"allow":["GET"]}}],"collection":[{"href":"https:\/\/www.3sg.lt\/en\/wp-json\/wp\/v2\/pages"}],"about":[{"href":"https:\/\/www.3sg.lt\/en\/wp-json\/wp\/v2\/types\/page"}],"author":[{"embeddable":true,"href":"https:\/\/www.3sg.lt\/en\/wp-json\/wp\/v2\/users\/1"}],"replies":[{"embeddable":true,"href":"https:\/\/www.3sg.lt\/en\/wp-json\/wp\/v2\/comments?post=766"}],"version-history":[{"count":2,"href":"https:\/\/www.3sg.lt\/en\/wp-json\/wp\/v2\/pages\/766\/revisions"}],"predecessor-version":[{"id":1387,"href":"https:\/\/www.3sg.lt\/en\/wp-json\/wp\/v2\/pages\/766\/revisions\/1387"}],"wp:attachment":[{"href":"https:\/\/www.3sg.lt\/en\/wp-json\/wp\/v2\/media?parent=766"}],"curies":[{"name":"wp","href":"https:\/\/api.w.org\/{rel}","templated":true}]}}